{"id":615,"date":"2021-02-10T04:42:54","date_gmt":"2021-02-10T04:42:54","guid":{"rendered":"https:\/\/tabsmexico.com\/?page_id=615"},"modified":"2021-02-10T05:40:16","modified_gmt":"2021-02-10T05:40:16","slug":"paneles-solares","status":"publish","type":"page","link":"https:\/\/tabsmexico.com\/index.php\/paneles-solares\/","title":{"rendered":"Paneles Solares"},"content":{"rendered":"\t\t<div data-elementor-type=\"wp-page\" data-elementor-id=\"615\" class=\"elementor elementor-615\" data-elementor-settings=\"[]\">\n\t\t\t\t\t\t<div class=\"elementor-inner\">\n\t\t\t\t\t\t\t<div class=\"elementor-section-wrap\">\n\t\t\t\t\t\t\t<section class=\"elementor-section elementor-top-section elementor-element elementor-element-f7dfb66 elementor-section-boxed elementor-section-height-default elementor-section-height-default\" data-id=\"f7dfb66\" data-element_type=\"section\">\n\t\t\t\t\t\t<div class=\"elementor-container elementor-column-gap-default\">\n\t\t\t\t\t\t\t<div class=\"elementor-row\">\n\t\t\t\t\t<div class=\"elementor-column elementor-col-50 elementor-top-column elementor-element elementor-element-a16bc8c\" data-id=\"a16bc8c\" data-element_type=\"column\">\n\t\t\t<div class=\"elementor-column-wrap elementor-element-populated\">\n\t\t\t\t\t\t\t<div class=\"elementor-widget-wrap\">\n\t\t\t\t\t\t<div class=\"elementor-element elementor-element-d176b30 elementor-widget elementor-widget-heading\" data-id=\"d176b30\" data-element_type=\"widget\" data-widget_type=\"heading.default\">\n\t\t\t\t<div class=\"elementor-widget-container\">\n\t\t\t<h2 class=\"elementor-heading-title elementor-size-default\">Energ\u00eda Limpia y econ\u00f3mica a medio y largo plazo<\/h2>\t\t<\/div>\n\t\t\t\t<\/div>\n\t\t\t\t<div class=\"elementor-element elementor-element-4ee0e11 elementor-widget elementor-widget-text-editor\" data-id=\"4ee0e11\" data-element_type=\"widget\" data-widget_type=\"text-editor.default\">\n\t\t\t\t<div class=\"elementor-widget-container\">\n\t\t\t\t\t\t\t\t<div class=\"elementor-text-editor elementor-clearfix\">\n\t\t\t\t<p>Si tu recibo de luz es superior a los $4,000 MXN esto puedo interesarte.<\/p><p>Las reformas de ley y las nuevas tecnolog\u00edas ayudan a tener una opci\u00f3n mas econ\u00f3mica al momento de implementar esta tecnolog\u00eda.<\/p><p>Tu retorno de inversi\u00f3n ser\u00e1 en 2 a\u00f1os y tendr\u00e1s 18 a\u00f1os de energ\u00eda gratis<\/p><p>Ahora la tendencia es ingresar energ\u00eda a la red el\u00e9ctrica de tal manera que se descuenta de nuestro recibo.<\/p><p>Tambi\u00e9n existe la opci\u00f3n de poner bater\u00edas y no depender de la red, pero esta opci\u00f3n es mas cara que la anterior. Pero ideal para zonas donde no hay suministro.<\/p>\t\t\t\t\t<\/div>\n\t\t\t\t\t\t<\/div>\n\t\t\t\t<\/div>\n\t\t\t\t\t\t<\/div>\n\t\t\t\t\t<\/div>\n\t\t<\/div>\n\t\t\t\t<div class=\"elementor-column elementor-col-50 elementor-top-column elementor-element elementor-element-4669aa2\" data-id=\"4669aa2\" data-element_type=\"column\">\n\t\t\t<div class=\"elementor-column-wrap elementor-element-populated\">\n\t\t\t\t\t\t\t<div class=\"elementor-widget-wrap\">\n\t\t\t\t\t\t<div class=\"elementor-element elementor-element-10ddc7e elementor-widget elementor-widget-image\" data-id=\"10ddc7e\" data-element_type=\"widget\" data-widget_type=\"image.default\">\n\t\t\t\t<div class=\"elementor-widget-container\">\n\t\t\t\t\t\t\t\t<div class=\"elementor-image\">\n\t\t\t\t\t\t\t\t\t\t\t\t<img width=\"1024\" height=\"576\" src=\"https:\/\/tabsmexico.com\/wp-content\/uploads\/2021\/02\/Paneles-solares-min-1024x576.jpg\" class=\"attachment-large size-large\" alt=\"\" loading=\"lazy\" srcset=\"https:\/\/tabsmexico.com\/wp-content\/uploads\/2021\/02\/Paneles-solares-min-1024x576.jpg 1024w, https:\/\/tabsmexico.com\/wp-content\/uploads\/2021\/02\/Paneles-solares-min-300x169.jpg 300w, https:\/\/tabsmexico.com\/wp-content\/uploads\/2021\/02\/Paneles-solares-min-768x432.jpg 768w, https:\/\/tabsmexico.com\/wp-content\/uploads\/2021\/02\/Paneles-solares-min.jpg 1280w\" sizes=\"(max-width: 1024px) 100vw, 1024px\" \/>\t\t\t\t\t\t\t\t\t\t\t\t\t\t<\/div>\n\t\t\t\t\t\t<\/div>\n\t\t\t\t<\/div>\n\t\t\t\t\t\t<\/div>\n\t\t\t\t\t<\/div>\n\t\t<\/div>\n\t\t\t\t\t\t\t\t<\/div>\n\t\t\t\t\t<\/div>\n\t\t<\/section>\n\t\t\t\t\t\t<\/div>\n\t\t\t\t\t\t<\/div>\n\t\t\t\t\t<\/div>\n\t\t","protected":false},"excerpt":{"rendered":"<p>Energ\u00eda Limpia y econ\u00f3mica a medio y largo plazo Si tu recibo de luz es superior a los $4,000 MXN esto puedo interesarte. Las reformas de ley y las nuevas tecnolog\u00edas ayudan a tener una opci\u00f3n mas econ\u00f3mica al momento de implementar esta tecnolog\u00eda. Tu retorno de inversi\u00f3n ser\u00e1 en 2 a\u00f1os y tendr\u00e1s 18 &hellip;<\/p>\n<p class=\"read-more\"> <a class=\"\" href=\"https:\/\/tabsmexico.com\/index.php\/paneles-solares\/\"> <span class=\"screen-reader-text\">Paneles Solares<\/span> Read More &raquo;<\/a><\/p>\n","protected":false},"author":1,"featured_media":0,"parent":0,"menu_order":0,"comment_status":"closed","ping_status":"closed","template":"","meta":[],"_links":{"self":[{"href":"https:\/\/tabsmexico.com\/index.php\/wp-json\/wp\/v2\/pages\/615"}],"collection":[{"href":"https:\/\/tabsmexico.com\/index.php\/wp-json\/wp\/v2\/pages"}],"about":[{"href":"https:\/\/tabsmexico.com\/index.php\/wp-json\/wp\/v2\/types\/page"}],"author":[{"embeddable":true,"href":"https:\/\/tabsmexico.com\/index.php\/wp-json\/wp\/v2\/users\/1"}],"replies":[{"embeddable":true,"href":"https:\/\/tabsmexico.com\/index.php\/wp-json\/wp\/v2\/comments?post=615"}],"version-history":[{"count":7,"href":"https:\/\/tabsmexico.com\/index.php\/wp-json\/wp\/v2\/pages\/615\/revisions"}],"predecessor-version":[{"id":635,"href":"https:\/\/tabsmexico.com\/index.php\/wp-json\/wp\/v2\/pages\/615\/revisions\/635"}],"wp:attachment":[{"href":"https:\/\/tabsmexico.com\/index.php\/wp-json\/wp\/v2\/media?parent=615"}],"curies":[{"name":"wp","href":"https:\/\/api.w.org\/{rel}","templated":true}]}}