{"id":709,"date":"2021-02-11T09:10:21","date_gmt":"2021-02-11T09:10:21","guid":{"rendered":"https:\/\/tabsmexico.com\/?page_id=709"},"modified":"2021-02-11T09:13:18","modified_gmt":"2021-02-11T09:13:18","slug":"consumibles-impresion","status":"publish","type":"page","link":"https:\/\/tabsmexico.com\/index.php\/consumibles-impresion\/","title":{"rendered":"Consumibles impresi\u00f3n"},"content":{"rendered":"\t\t<div data-elementor-type=\"wp-page\" data-elementor-id=\"709\" class=\"elementor elementor-709\" data-elementor-settings=\"[]\">\n\t\t\t\t\t\t<div class=\"elementor-inner\">\n\t\t\t\t\t\t\t<div class=\"elementor-section-wrap\">\n\t\t\t\t\t\t\t<section class=\"elementor-section elementor-top-section elementor-element elementor-element-3732c17 elementor-section-boxed elementor-section-height-default elementor-section-height-default\" data-id=\"3732c17\" data-element_type=\"section\">\n\t\t\t\t\t\t<div class=\"elementor-container elementor-column-gap-default\">\n\t\t\t\t\t\t\t<div class=\"elementor-row\">\n\t\t\t\t\t<div class=\"elementor-column elementor-col-100 elementor-top-column elementor-element elementor-element-7587dca\" data-id=\"7587dca\" data-element_type=\"column\">\n\t\t\t<div class=\"elementor-column-wrap elementor-element-populated\">\n\t\t\t\t\t\t\t<div class=\"elementor-widget-wrap\">\n\t\t\t\t\t\t<div class=\"elementor-element elementor-element-babf05f elementor-widget elementor-widget-heading\" data-id=\"babf05f\" data-element_type=\"widget\" data-widget_type=\"heading.default\">\n\t\t\t\t<div class=\"elementor-widget-container\">\n\t\t\t<h2 class=\"elementor-heading-title elementor-size-default\">Consumibles para equipos de impresi\u00f3n.<\/h2>\t\t<\/div>\n\t\t\t\t<\/div>\n\t\t\t\t<div class=\"elementor-element elementor-element-fe87106 elementor-widget elementor-widget-text-editor\" data-id=\"fe87106\" data-element_type=\"widget\" data-widget_type=\"text-editor.default\">\n\t\t\t\t<div class=\"elementor-widget-container\">\n\t\t\t\t\t\t\t\t<div class=\"elementor-text-editor elementor-clearfix\">\n\t\t\t\t<p>Tenemos t\u00f3ner y tinta de todas las marcas, originales y gen\u00e9ricos.<\/p>\t\t\t\t\t<\/div>\n\t\t\t\t\t\t<\/div>\n\t\t\t\t<\/div>\n\t\t\t\t\t\t<\/div>\n\t\t\t\t\t<\/div>\n\t\t<\/div>\n\t\t\t\t\t\t\t\t<\/div>\n\t\t\t\t\t<\/div>\n\t\t<\/section>\n\t\t\t\t<section class=\"elementor-section elementor-top-section elementor-element elementor-element-74896e6 elementor-section-boxed elementor-section-height-default elementor-section-height-default\" data-id=\"74896e6\" data-element_type=\"section\">\n\t\t\t\t\t\t<div class=\"elementor-container elementor-column-gap-default\">\n\t\t\t\t\t\t\t<div class=\"elementor-row\">\n\t\t\t\t\t<div class=\"elementor-column elementor-col-100 elementor-top-column elementor-element elementor-element-4b39678\" data-id=\"4b39678\" data-element_type=\"column\">\n\t\t\t<div class=\"elementor-column-wrap elementor-element-populated\">\n\t\t\t\t\t\t\t<div class=\"elementor-widget-wrap\">\n\t\t\t\t\t\t<div class=\"elementor-element elementor-element-cfa535e elementor-widget elementor-widget-image\" data-id=\"cfa535e\" data-element_type=\"widget\" data-widget_type=\"image.default\">\n\t\t\t\t<div class=\"elementor-widget-container\">\n\t\t\t\t\t\t\t\t<div class=\"elementor-image\">\n\t\t\t\t\t\t\t\t\t\t\t\t<img width=\"1024\" height=\"576\" src=\"https:\/\/tabsmexico.com\/wp-content\/uploads\/2021\/02\/Consumibles-min-1024x576.jpg\" class=\"attachment-large size-large\" alt=\"\" loading=\"lazy\" srcset=\"https:\/\/tabsmexico.com\/wp-content\/uploads\/2021\/02\/Consumibles-min-1024x576.jpg 1024w, https:\/\/tabsmexico.com\/wp-content\/uploads\/2021\/02\/Consumibles-min-300x169.jpg 300w, https:\/\/tabsmexico.com\/wp-content\/uploads\/2021\/02\/Consumibles-min-768x432.jpg 768w, https:\/\/tabsmexico.com\/wp-content\/uploads\/2021\/02\/Consumibles-min.jpg 1280w\" sizes=\"(max-width: 1024px) 100vw, 1024px\" \/>\t\t\t\t\t\t\t\t\t\t\t\t\t\t<\/div>\n\t\t\t\t\t\t<\/div>\n\t\t\t\t<\/div>\n\t\t\t\t\t\t<\/div>\n\t\t\t\t\t<\/div>\n\t\t<\/div>\n\t\t\t\t\t\t\t\t<\/div>\n\t\t\t\t\t<\/div>\n\t\t<\/section>\n\t\t\t\t\t\t<\/div>\n\t\t\t\t\t\t<\/div>\n\t\t\t\t\t<\/div>\n\t\t","protected":false},"excerpt":{"rendered":"<p>Consumibles para equipos de impresi\u00f3n. Tenemos t\u00f3ner y tinta de todas las marcas, originales y gen\u00e9ricos.<\/p>\n","protected":false},"author":1,"featured_media":0,"parent":0,"menu_order":0,"comment_status":"closed","ping_status":"closed","template":"","meta":[],"_links":{"self":[{"href":"https:\/\/tabsmexico.com\/index.php\/wp-json\/wp\/v2\/pages\/709"}],"collection":[{"href":"https:\/\/tabsmexico.com\/index.php\/wp-json\/wp\/v2\/pages"}],"about":[{"href":"https:\/\/tabsmexico.com\/index.php\/wp-json\/wp\/v2\/types\/page"}],"author":[{"embeddable":true,"href":"https:\/\/tabsmexico.com\/index.php\/wp-json\/wp\/v2\/users\/1"}],"replies":[{"embeddable":true,"href":"https:\/\/tabsmexico.com\/index.php\/wp-json\/wp\/v2\/comments?post=709"}],"version-history":[{"count":5,"href":"https:\/\/tabsmexico.com\/index.php\/wp-json\/wp\/v2\/pages\/709\/revisions"}],"predecessor-version":[{"id":714,"href":"https:\/\/tabsmexico.com\/index.php\/wp-json\/wp\/v2\/pages\/709\/revisions\/714"}],"wp:attachment":[{"href":"https:\/\/tabsmexico.com\/index.php\/wp-json\/wp\/v2\/media?parent=709"}],"curies":[{"name":"wp","href":"https:\/\/api.w.org\/{rel}","templated":true}]}}